{"id":160,"date":"2021-10-19T17:03:52","date_gmt":"2021-10-19T17:03:52","guid":{"rendered":"https:\/\/listinghive.hivepress.io\/?page_id=8"},"modified":"2025-08-23T21:39:42","modified_gmt":"2025-08-24T01:39:42","slug":"home","status":"publish","type":"page","link":"https:\/\/usadosonline.com\/","title":{"rendered":"P\u00e1gina Inicial"},"content":{"rendered":"\n<h1 class=\"wp-block-heading has-text-align-center\">Encontre tudo que voc\u00ea precisa.<\/h1>\n\n\n\n<p class=\"has-text-align-center has-medium-font-size\">Pesquise itens \u00e0 venda em um \u00fanico site.<\/p>\n\n\n\n<!--more-->\n<!--noteaser-->\n\n\n\n<h2 class=\"wp-block-heading has-text-align-center content-title\">Listagens Recentes<\/h2>\n\n\n ","protected":false},"excerpt":{"rendered":"<p>Encontre tudo que voc\u00ea precisa. Pesquise itens \u00e0 venda em um \u00fanico site.<\/p>\n","protected":false},"author":1,"featured_media":0,"parent":0,"menu_order":0,"comment_status":"closed","ping_status":"closed","template":"","meta":{"footnotes":""},"class_list":["post-160","page","type-page","status-publish","hentry"],"_links":{"self":[{"href":"https:\/\/usadosonline.com\/index.php\/wp-json\/wp\/v2\/pages\/160","targetHints":{"allow":["GET"]}}],"collection":[{"href":"https:\/\/usadosonline.com\/index.php\/wp-json\/wp\/v2\/pages"}],"about":[{"href":"https:\/\/usadosonline.com\/index.php\/wp-json\/wp\/v2\/types\/page"}],"author":[{"embeddable":true,"href":"https:\/\/usadosonline.com\/index.php\/wp-json\/wp\/v2\/users\/1"}],"replies":[{"embeddable":true,"href":"https:\/\/usadosonline.com\/index.php\/wp-json\/wp\/v2\/comments?post=160"}],"version-history":[{"count":12,"href":"https:\/\/usadosonline.com\/index.php\/wp-json\/wp\/v2\/pages\/160\/revisions"}],"predecessor-version":[{"id":425,"href":"https:\/\/usadosonline.com\/index.php\/wp-json\/wp\/v2\/pages\/160\/revisions\/425"}],"wp:attachment":[{"href":"https:\/\/usadosonline.com\/index.php\/wp-json\/wp\/v2\/media?parent=160"}],"curies":[{"name":"wp","href":"https:\/\/api.w.org\/{rel}","templated":true}]}}